{"id":2,"date":"2025-10-27T05:54:26","date_gmt":"2025-10-27T05:54:26","guid":{"rendered":"https:\/\/anemendiafisioterapiazentrua.rkinformatika.online\/?page_id=2"},"modified":"2025-10-29T14:50:08","modified_gmt":"2025-10-29T14:50:08","slug":"inicio","status":"publish","type":"page","link":"https:\/\/anemendiafisioterapiazentrua.com\/eu\/","title":{"rendered":"Hasiera"},"content":{"rendered":"\t\t<div data-elementor-type=\"wp-page\" data-elementor-id=\"2\" class=\"elementor elementor-2\" data-elementor-post-type=\"page\">\n\t\t\t\t<div class=\"elementor-element elementor-element-36f4bef e-flex e-con-boxed e-con e-parent\" data-id=\"36f4bef\" data-element_type=\"container\" data-e-type=\"container\" data-settings=\"{&quot;background_background&quot;:&quot;slideshow&quot;,&quot;background_slideshow_gallery&quot;:[{&quot;id&quot;:127,&quot;url&quot;:&quot;https:\\\/\\\/anemendiafisioterapiazentrua.com\\\/wp-content\\\/uploads\\\/2025\\\/10\\\/woman-having-physiotherapy-session-scaled.jpg&quot;},{&quot;id&quot;:126,&quot;url&quot;:&quot;https:\\\/\\\/anemendiafisioterapiazentrua.com\\\/wp-content\\\/uploads\\\/2025\\\/10\\\/physiotherapist-man-giving-exercise-with-dumbbell-treatment-about-arm-shoulder-athlete-male-patient-physical-therapy-concept-scaled.jpg&quot;},{&quot;id&quot;:131,&quot;url&quot;:&quot;https:\\\/\\\/anemendiafisioterapiazentrua.com\\\/wp-content\\\/uploads\\\/2025\\\/10\\\/banner.png&quot;}],&quot;background_slideshow_ken_burns&quot;:&quot;yes&quot;,&quot;background_slideshow_loop&quot;:&quot;yes&quot;,&quot;background_slideshow_slide_duration&quot;:5000,&quot;background_slideshow_slide_transition&quot;:&quot;fade&quot;,&quot;background_slideshow_transition_duration&quot;:500,&quot;background_slideshow_ken_burns_zoom_direction&quot;:&quot;in&quot;}\">\n\t\t\t\t\t<div class=\"e-con-inner\">\n\t\t\t\t<div class=\"elementor-element elementor-element-0d90cdc elementor-icon-list--layout-inline animated-slow elementor-list-item-link-full_width elementor-invisible elementor-widget elementor-widget-icon-list\" data-id=\"0d90cdc\" data-element_type=\"widget\" data-e-type=\"widget\" data-settings=\"{&quot;_animation&quot;:&quot;fadeInRight&quot;}\" data-widget_type=\"icon-list.default\">\n\t\t\t\t\t\t\t<ul class=\"elementor-icon-list-items elementor-inline-items\">\n\t\t\t\t\t\t\t<li class=\"elementor-icon-list-item elementor-inline-item\">\n\t\t\t\t\t\t\t\t\t\t\t<span class=\"elementor-icon-list-icon\">\n\t\t\t\t\t\t\t<svg aria-hidden=\"true\" class=\"e-font-icon-svg e-far-window-minimize\" viewBox=\"0 0 512 512\" xmlns=\"http:\/\/www.w3.org\/2000\/svg\"><path d=\"M480 480H32c-17.7 0-32-14.3-32-32s14.3-32 32-32h448c17.7 0 32 14.3 32 32s-14.3 32-32 32z\"><\/path><\/svg>\t\t\t\t\t\t<\/span>\n\t\t\t\t\t\t\t\t\t\t<span class=\"elementor-icon-list-text\">Desde 2008<\/span>\n\t\t\t\t\t\t\t\t\t<\/li>\n\t\t\t\t\t\t<\/ul>\n\t\t\t\t\t\t<\/div>\n\t\t\t\t<div class=\"elementor-element elementor-element-6282eeb animated-slow elementor-invisible elementor-widget elementor-widget-heading\" data-id=\"6282eeb\" data-element_type=\"widget\" data-e-type=\"widget\" data-settings=\"{&quot;_animation&quot;:&quot;fadeInRight&quot;}\" data-widget_type=\"heading.default\">\n\t\t\t\t\t<h2 class=\"elementor-heading-title elementor-size-default\">Cuidamos de ti con experiencia<\/h2>\t\t\t\t<\/div>\n\t\t\t\t<div class=\"elementor-element elementor-element-cf0871d animated-slow elementor-invisible elementor-widget elementor-widget-heading\" data-id=\"cf0871d\" data-element_type=\"widget\" data-e-type=\"widget\" data-settings=\"{&quot;_animation&quot;:&quot;fadeInRight&quot;,&quot;_animation_delay&quot;:200}\" data-widget_type=\"heading.default\">\n\t\t\t\t\t<h2 class=\"elementor-heading-title elementor-size-default\">tecnolog\u00eda y un trato verdaderamente personal.<\/h2>\t\t\t\t<\/div>\n\t\t\t\t<div class=\"elementor-element elementor-element-5027e76 elementor-widget elementor-widget-heading\" data-id=\"5027e76\" data-element_type=\"widget\" data-e-type=\"widget\" data-widget_type=\"heading.default\">\n\t\t\t\t\t<h2 class=\"elementor-heading-title elementor-size-default\">Descubre c\u00f3mo podemos ayudarte a sentirte mejor<\/h2>\t\t\t\t<\/div>\n\t\t\t\t\t<\/div>\n\t\t\t\t<\/div>\n\t\t<div class=\"elementor-element elementor-element-ecd4728 e-flex e-con-boxed e-con e-parent\" data-id=\"ecd4728\" data-element_type=\"container\" data-e-type=\"container\" data-settings=\"{&quot;background_background&quot;:&quot;classic&quot;}\">\n\t\t\t\t\t<div class=\"e-con-inner\">\n\t\t<div class=\"elementor-element elementor-element-d0a7e64 e-con-full e-flex e-con e-child\" data-id=\"d0a7e64\" data-element_type=\"container\" data-e-type=\"container\">\n\t\t\t\t<div class=\"elementor-element elementor-element-f8a9278 elementor-invisible elementor-widget elementor-widget-heading\" data-id=\"f8a9278\" data-element_type=\"widget\" data-e-type=\"widget\" data-settings=\"{&quot;_animation&quot;:&quot;zoomIn&quot;}\" data-widget_type=\"heading.default\">\n\t\t\t\t\t<h2 class=\"elementor-heading-title elementor-size-default\">\u00bfQui\u00e9nes somos?<\/h2>\t\t\t\t<\/div>\n\t\t\t\t<div class=\"elementor-element elementor-element-60c5309 elementor-widget elementor-widget-text-editor\" data-id=\"60c5309\" data-element_type=\"widget\" data-e-type=\"widget\" data-widget_type=\"text-editor.default\">\n\t\t\t\t\t\t\t\t\t<p>Somos un equipo de fisioterapeutas con m\u00e1s de 18 a\u00f1os de experiencia, comprometidos con ofrecer un trato cercano, humano y profesional.<br \/>En nuestro centro encontrar\u00e1s un ambiente de confianza y dedicaci\u00f3n, donde cada paciente es atendido con el cuidado y la atenci\u00f3n que merece.<\/p><p>Contamos con tecnolog\u00eda avanzada dise\u00f1ada para el tratamiento de patolog\u00edas y lesiones tanto deportivas como cr\u00f3nicas, buscando siempre la recuperaci\u00f3n completa y duradera.<\/p><p>Nuestro objetivo es que cada tratamiento sea personalizado y adaptado a tus necesidades, porque creemos que cada persona y cada cuerpo tienen su propio camino hacia el bienestar.<\/p>\t\t\t\t\t\t\t\t<\/div>\n\t\t\t\t<\/div>\n\t\t\t\t\t<\/div>\n\t\t\t\t<\/div>\n\t\t<div class=\"elementor-element elementor-element-76b628e e-con-full e-flex e-con e-parent\" data-id=\"76b628e\" data-element_type=\"container\" data-e-type=\"container\" data-settings=\"{&quot;background_background&quot;:&quot;classic&quot;}\">\n\t\t\t\t<div class=\"elementor-element elementor-element-5327869 elementor-cta--skin-cover elementor-animated-content elementor-bg-transform elementor-bg-transform-zoom-in elementor-widget elementor-widget-call-to-action\" data-id=\"5327869\" data-element_type=\"widget\" data-e-type=\"widget\" data-widget_type=\"call-to-action.default\">\n\t\t\t\t\t\t\t<div class=\"elementor-cta\">\n\t\t\t\t\t<div class=\"elementor-cta__bg-wrapper\">\n\t\t\t\t<div class=\"elementor-cta__bg elementor-bg\" style=\"background-image: url(https:\/\/anemendiafisioterapiazentrua.com\/wp-content\/uploads\/2025\/10\/ChatGPT-Image-28-de-out.-de-2025-11_20_34-1-e1761648526892-1024x752.png);\" role=\"img\" aria-label=\"ChatGPT Image 28 de out. de 2025, 11_20_34\"><\/div>\n\t\t\t\t<div class=\"elementor-cta__bg-overlay\"><\/div>\n\t\t\t<\/div>\n\t\t\t\t\t\t\t<div class=\"elementor-cta__content\">\n\t\t\t\t\n\t\t\t\t\t\t\t\t\t<h2 class=\"elementor-cta__title elementor-cta__content-item elementor-content-item elementor-animated-item--grow\">\n\t\t\t\t\t\tTradici\u00f3n y confianza\t\t\t\t\t<\/h2>\n\t\t\t\t\n\t\t\t\t\t\t\t\t\t<div class=\"elementor-cta__description elementor-cta__content-item elementor-content-item elementor-animated-item--grow\">\n\t\t\t\t\t\tTu bienestar comienza aqu\u00ed, conoce c\u00f3mo podemos ayudarte.\t\t\t\t\t<\/div>\n\t\t\t\t\n\t\t\t\t\t\t\t\t\t<div class=\"elementor-cta__button-wrapper elementor-cta__content-item elementor-content-item elementor-animated-item--grow\">\n\t\t\t\t\t<a class=\"elementor-cta__button elementor-button elementor-size-\" href=\"https:\/\/anemendiafisioterapiazentrua.com\/servicios\/\">\n\t\t\t\t\t\tSaber m\u00e1s\t\t\t\t\t<\/a>\n\t\t\t\t\t<\/div>\n\t\t\t\t\t\t\t<\/div>\n\t\t\t\t\t\t<\/div>\n\t\t\t\t\t\t<\/div>\n\t\t\t\t<\/div>\n\t\t\t\t<\/div>\n\t\t","protected":false},"excerpt":{"rendered":"<p>Desde 2008 Cuidamos de ti con experiencia tecnolog\u00eda y un trato verdaderamente personal. Descubre c\u00f3mo podemos ayudarte a sentirte mejor \u00bfQui\u00e9nes somos? Somos un equipo de fisioterapeutas con m\u00e1s de 18 a\u00f1os de experiencia, comprometidos con ofrecer un trato cercano, humano y profesional.En nuestro centro encontrar\u00e1s un ambiente de confianza y dedicaci\u00f3n, donde cada paciente [&hellip;]<\/p>\n","protected":false},"author":1,"featured_media":0,"parent":0,"menu_order":0,"comment_status":"closed","ping_status":"closed","template":"elementor_canvas","meta":{"footnotes":""},"class_list":["post-2","page","type-page","status-publish","hentry"],"yoast_head":"<!-- This site is optimized with the Yoast SEO plugin v27.3 - https:\/\/yoast.com\/product\/yoast-seo-wordpress\/ -->\n<title>Inicio - Ane Mendia Fisioterapia Zentrua<\/title>\n<meta name=\"robots\" content=\"index, follow, max-snippet:-1, max-image-preview:large, max-video-preview:-1\" \/>\n<link rel=\"canonical\" href=\"https:\/\/anemendiafisioterapiazentrua.com\/eu\/\" \/>\n<meta property=\"og:locale\" content=\"en_US\" \/>\n<meta property=\"og:type\" content=\"article\" \/>\n<meta property=\"og:title\" content=\"Inicio - Ane Mendia Fisioterapia Zentrua\" \/>\n<meta property=\"og:description\" content=\"Desde 2008 Cuidamos de ti con experiencia tecnolog\u00eda y un trato verdaderamente personal. Descubre c\u00f3mo podemos ayudarte a sentirte mejor \u00bfQui\u00e9nes somos? Somos un equipo de fisioterapeutas con m\u00e1s de 18 a\u00f1os de experiencia, comprometidos con ofrecer un trato cercano, humano y profesional.En nuestro centro encontrar\u00e1s un ambiente de confianza y dedicaci\u00f3n, donde cada paciente [&hellip;]\" \/>\n<meta property=\"og:url\" content=\"https:\/\/anemendiafisioterapiazentrua.com\/eu\/\" \/>\n<meta property=\"og:site_name\" content=\"Ane Mendia Fisioterapia Zentrua\" \/>\n<meta property=\"article:modified_time\" content=\"2025-10-29T14:50:08+00:00\" \/>\n<meta name=\"twitter:card\" content=\"summary_large_image\" \/>\n<meta name=\"twitter:label1\" content=\"Est. reading time\" \/>\n\t<meta name=\"twitter:data1\" content=\"1 minutua\" \/>\n<script type=\"application\/ld+json\" class=\"yoast-schema-graph\">{\"@context\":\"https:\\\/\\\/schema.org\",\"@graph\":[{\"@type\":\"WebPage\",\"@id\":\"https:\\\/\\\/anemendiafisioterapiazentrua.com\\\/\",\"url\":\"https:\\\/\\\/anemendiafisioterapiazentrua.com\\\/\",\"name\":\"Inicio - Ane Mendia Fisioterapia Zentrua\",\"isPartOf\":{\"@id\":\"https:\\\/\\\/anemendiafisioterapiazentrua.com\\\/#website\"},\"datePublished\":\"2025-10-27T05:54:26+00:00\",\"dateModified\":\"2025-10-29T14:50:08+00:00\",\"breadcrumb\":{\"@id\":\"https:\\\/\\\/anemendiafisioterapiazentrua.com\\\/#breadcrumb\"},\"inLanguage\":\"eu\",\"potentialAction\":[{\"@type\":\"ReadAction\",\"target\":[\"https:\\\/\\\/anemendiafisioterapiazentrua.com\\\/\"]}]},{\"@type\":\"BreadcrumbList\",\"@id\":\"https:\\\/\\\/anemendiafisioterapiazentrua.com\\\/#breadcrumb\",\"itemListElement\":[{\"@type\":\"ListItem\",\"position\":1,\"name\":\"Portada\",\"item\":\"https:\\\/\\\/anemendiafisioterapiazentrua.com\\\/\"},{\"@type\":\"ListItem\",\"position\":2,\"name\":\"Inicio\"}]},{\"@type\":\"WebSite\",\"@id\":\"https:\\\/\\\/anemendiafisioterapiazentrua.com\\\/#website\",\"url\":\"https:\\\/\\\/anemendiafisioterapiazentrua.com\\\/\",\"name\":\"Ane Mendia Fisioterapia Zentrua\",\"description\":\"Somos un equipo de fisioterapeutas formada por profesionales con una trayectoria de 18 a\u00f1os en la cual encontrar\u00e1s un ambiente cercano y de compromiso hacia el paciente.\",\"publisher\":{\"@id\":\"https:\\\/\\\/anemendiafisioterapiazentrua.com\\\/#organization\"},\"potentialAction\":[{\"@type\":\"SearchAction\",\"target\":{\"@type\":\"EntryPoint\",\"urlTemplate\":\"https:\\\/\\\/anemendiafisioterapiazentrua.com\\\/?s={search_term_string}\"},\"query-input\":{\"@type\":\"PropertyValueSpecification\",\"valueRequired\":true,\"valueName\":\"search_term_string\"}}],\"inLanguage\":\"eu\"},{\"@type\":\"Organization\",\"@id\":\"https:\\\/\\\/anemendiafisioterapiazentrua.com\\\/#organization\",\"name\":\"Ane Mendia Fisioterapia Zentrua\",\"url\":\"https:\\\/\\\/anemendiafisioterapiazentrua.com\\\/\",\"logo\":{\"@type\":\"ImageObject\",\"inLanguage\":\"eu\",\"@id\":\"https:\\\/\\\/anemendiafisioterapiazentrua.com\\\/#\\\/schema\\\/logo\\\/image\\\/\",\"url\":\"https:\\\/\\\/anemendiafisioterapiazentrua.com\\\/wp-content\\\/uploads\\\/2025\\\/10\\\/cropped-logo-e1761645756651.png\",\"contentUrl\":\"https:\\\/\\\/anemendiafisioterapiazentrua.com\\\/wp-content\\\/uploads\\\/2025\\\/10\\\/cropped-logo-e1761645756651.png\",\"width\":857,\"height\":812,\"caption\":\"Ane Mendia Fisioterapia Zentrua\"},\"image\":{\"@id\":\"https:\\\/\\\/anemendiafisioterapiazentrua.com\\\/#\\\/schema\\\/logo\\\/image\\\/\"}}]}<\/script>\n<!-- \/ Yoast SEO plugin. -->","yoast_head_json":{"title":"Inicio - Ane Mendia Fisioterapia Zentrua","robots":{"index":"index","follow":"follow","max-snippet":"max-snippet:-1","max-image-preview":"max-image-preview:large","max-video-preview":"max-video-preview:-1"},"canonical":"https:\/\/anemendiafisioterapiazentrua.com\/eu\/","og_locale":"en_US","og_type":"article","og_title":"Inicio - Ane Mendia Fisioterapia Zentrua","og_description":"Desde 2008 Cuidamos de ti con experiencia tecnolog\u00eda y un trato verdaderamente personal. Descubre c\u00f3mo podemos ayudarte a sentirte mejor \u00bfQui\u00e9nes somos? Somos un equipo de fisioterapeutas con m\u00e1s de 18 a\u00f1os de experiencia, comprometidos con ofrecer un trato cercano, humano y profesional.En nuestro centro encontrar\u00e1s un ambiente de confianza y dedicaci\u00f3n, donde cada paciente [&hellip;]","og_url":"https:\/\/anemendiafisioterapiazentrua.com\/eu\/","og_site_name":"Ane Mendia Fisioterapia Zentrua","article_modified_time":"2025-10-29T14:50:08+00:00","twitter_card":"summary_large_image","twitter_misc":{"Est. reading time":"1 minutua"},"schema":{"@context":"https:\/\/schema.org","@graph":[{"@type":"WebPage","@id":"https:\/\/anemendiafisioterapiazentrua.com\/","url":"https:\/\/anemendiafisioterapiazentrua.com\/","name":"Inicio - Ane Mendia Fisioterapia Zentrua","isPartOf":{"@id":"https:\/\/anemendiafisioterapiazentrua.com\/#website"},"datePublished":"2025-10-27T05:54:26+00:00","dateModified":"2025-10-29T14:50:08+00:00","breadcrumb":{"@id":"https:\/\/anemendiafisioterapiazentrua.com\/#breadcrumb"},"inLanguage":"eu","potentialAction":[{"@type":"ReadAction","target":["https:\/\/anemendiafisioterapiazentrua.com\/"]}]},{"@type":"BreadcrumbList","@id":"https:\/\/anemendiafisioterapiazentrua.com\/#breadcrumb","itemListElement":[{"@type":"ListItem","position":1,"name":"Portada","item":"https:\/\/anemendiafisioterapiazentrua.com\/"},{"@type":"ListItem","position":2,"name":"Inicio"}]},{"@type":"WebSite","@id":"https:\/\/anemendiafisioterapiazentrua.com\/#website","url":"https:\/\/anemendiafisioterapiazentrua.com\/","name":"Ane Mendia Fisioterapia Zentrua","description":"Somos un equipo de fisioterapeutas formada por profesionales con una trayectoria de 18 a\u00f1os en la cual encontrar\u00e1s un ambiente cercano y de compromiso hacia el paciente.","publisher":{"@id":"https:\/\/anemendiafisioterapiazentrua.com\/#organization"},"potentialAction":[{"@type":"SearchAction","target":{"@type":"EntryPoint","urlTemplate":"https:\/\/anemendiafisioterapiazentrua.com\/?s={search_term_string}"},"query-input":{"@type":"PropertyValueSpecification","valueRequired":true,"valueName":"search_term_string"}}],"inLanguage":"eu"},{"@type":"Organization","@id":"https:\/\/anemendiafisioterapiazentrua.com\/#organization","name":"Ane Mendia Fisioterapia Zentrua","url":"https:\/\/anemendiafisioterapiazentrua.com\/","logo":{"@type":"ImageObject","inLanguage":"eu","@id":"https:\/\/anemendiafisioterapiazentrua.com\/#\/schema\/logo\/image\/","url":"https:\/\/anemendiafisioterapiazentrua.com\/wp-content\/uploads\/2025\/10\/cropped-logo-e1761645756651.png","contentUrl":"https:\/\/anemendiafisioterapiazentrua.com\/wp-content\/uploads\/2025\/10\/cropped-logo-e1761645756651.png","width":857,"height":812,"caption":"Ane Mendia Fisioterapia Zentrua"},"image":{"@id":"https:\/\/anemendiafisioterapiazentrua.com\/#\/schema\/logo\/image\/"}}]}},"_links":{"self":[{"href":"https:\/\/anemendiafisioterapiazentrua.com\/eu\/wp-json\/wp\/v2\/pages\/2","targetHints":{"allow":["GET"]}}],"collection":[{"href":"https:\/\/anemendiafisioterapiazentrua.com\/eu\/wp-json\/wp\/v2\/pages"}],"about":[{"href":"https:\/\/anemendiafisioterapiazentrua.com\/eu\/wp-json\/wp\/v2\/types\/page"}],"author":[{"embeddable":true,"href":"https:\/\/anemendiafisioterapiazentrua.com\/eu\/wp-json\/wp\/v2\/users\/1"}],"replies":[{"embeddable":true,"href":"https:\/\/anemendiafisioterapiazentrua.com\/eu\/wp-json\/wp\/v2\/comments?post=2"}],"version-history":[{"count":61,"href":"https:\/\/anemendiafisioterapiazentrua.com\/eu\/wp-json\/wp\/v2\/pages\/2\/revisions"}],"predecessor-version":[{"id":318,"href":"https:\/\/anemendiafisioterapiazentrua.com\/eu\/wp-json\/wp\/v2\/pages\/2\/revisions\/318"}],"wp:attachment":[{"href":"https:\/\/anemendiafisioterapiazentrua.com\/eu\/wp-json\/wp\/v2\/media?parent=2"}],"curies":[{"name":"wp","href":"https:\/\/api.w.org\/{rel}","templated":true}]}}